{"id":134,"date":"2024-02-16T11:13:27","date_gmt":"2024-02-16T10:13:27","guid":{"rendered":"https:\/\/family-productions.com\/?page_id=134"},"modified":"2024-02-16T11:16:04","modified_gmt":"2024-02-16T10:16:04","slug":"insekten","status":"publish","type":"page","link":"https:\/\/family-productions.com\/cold-dog\/insekten\/","title":{"rendered":"INSEKTEN"},"content":{"rendered":"\n<h2>\n\t\tTauche ein in den Mikrokosmos\n\t<\/h2>\n\t\t\t\t<img decoding=\"async\" src=\"http:\/\/family-productions.com\/wp-content\/uploads\/2024\/02\/Screen-2024-02-16-um-11.08.04-2-scaled.jpg\" alt=\"Screen 2024-02-16 um 11.08.04 2\" itemprop=\"image\" title=\"Screen 2024-02-16 um 11.08.04 2\" onerror=\"this.style.display='none'\"  \/>\n\t<p>Insekten sind das Fundament, auf dem die meisten terrestrischen Nahrungsketten aufbauen. Aber nicht nur das, sie sind Kompostierer, Best\u00e4uber und Sch\u00e4dlingsbek\u00e4mpfer. Insekten sind die unz\u00e4hligen kleinen Faktoren, die unsere Welt am laufen halten. F\u00fcr die Gesundheit der Menschen k\u00f6nnen sie ebenfalls eine wichtige Rolle spielen. Derzeit werden viele Insektengifte, wie zum Beispiel Wespengift, daraufhin untersucht, ob sie bei der Heilung von noch unheilbaren Krankheiten wie z.B. Krebs genutzt werden k\u00f6nnen.<\/p>\n<p>&nbsp;<\/p>\n<p>Dokumentarfilm, 90min<\/p>\nRegie: Nepomuk Pfaff<br \/>\nKamera: Paul Pack<br \/>\nProducer: Jim Lerch\n<p>Production Company: CZAR Film GmbH<\/p>\n<p>Im Rahmen des Verbundsprojekt: <a href=\"http:\/\/Brommi.org\">Brommi.org<\/a><\/p>\n\n","protected":false},"excerpt":{"rendered":"<p>Tauche ein in den Mikrokosmos Insekten sind das Fundament, auf dem die meisten terrestrischen Nahrungsketten aufbauen. Aber nicht nur das, sie sind Kompostierer, Best\u00e4uber und Sch\u00e4dlingsbek\u00e4mpfer. Insekten sind die unz\u00e4hligen kleinen Faktoren, die unsere Welt am laufen halten. F\u00fcr die Gesundheit der Menschen k\u00f6nnen sie ebenfalls eine wichtige Rolle spielen. Derzeit werden viele Insektengifte, wie &hellip; <\/p>\n<p class=\"link-more\"><a href=\"https:\/\/family-productions.com\/cold-dog\/insekten\/\" class=\"more-link\">Mehr <span class=\"screen-reader-text\">\u00fcber &#8222;INSEKTEN&#8220; <\/span>Lesen<\/a><\/p>\n","protected":false},"author":1,"featured_media":0,"parent":0,"menu_order":0,"comment_status":"closed","ping_status":"closed","template":"","meta":{"footnotes":""},"class_list":["post-134","page","type-page","status-publish","hentry"],"_links":{"self":[{"href":"https:\/\/family-productions.com\/cold-dog\/wp-json\/wp\/v2\/pages\/134","targetHints":{"allow":["GET"]}}],"collection":[{"href":"https:\/\/family-productions.com\/cold-dog\/wp-json\/wp\/v2\/pages"}],"about":[{"href":"https:\/\/family-productions.com\/cold-dog\/wp-json\/wp\/v2\/types\/page"}],"author":[{"embeddable":true,"href":"https:\/\/family-productions.com\/cold-dog\/wp-json\/wp\/v2\/users\/1"}],"replies":[{"embeddable":true,"href":"https:\/\/family-productions.com\/cold-dog\/wp-json\/wp\/v2\/comments?post=134"}],"version-history":[{"count":4,"href":"https:\/\/family-productions.com\/cold-dog\/wp-json\/wp\/v2\/pages\/134\/revisions"}],"predecessor-version":[{"id":141,"href":"https:\/\/family-productions.com\/cold-dog\/wp-json\/wp\/v2\/pages\/134\/revisions\/141"}],"wp:attachment":[{"href":"https:\/\/family-productions.com\/cold-dog\/wp-json\/wp\/v2\/media?parent=134"}],"curies":[{"name":"wp","href":"https:\/\/api.w.org\/{rel}","templated":true}]}}